{"id":143,"date":"2017-06-09T19:37:00","date_gmt":"2017-06-09T17:37:00","guid":{"rendered":"http:\/\/www.roxxus.de\/?page_id=143"},"modified":"2018-11-14T23:21:26","modified_gmt":"2018-11-14T22:21:26","slug":"die-kapelle","status":"publish","type":"page","link":"https:\/\/www.roxxus.de\/","title":{"rendered":"Die Kapelle"},"content":{"rendered":"<p>Ralf Grabow Gitarre, Gesang<br \/>\nund G\u00e4ste<\/p>\n<p>ROXXUS &#8211; das sind Musiker, die in einer musiktr\u00e4chtigen Epoche aufgewachsen sind, in der Musikgeschichte geschrieben wurde. 2016 hat sich die Band zusammengefunden.<\/p>\n<p>Das Repertoire besteht aus Klassikern, die zwar jeder kennt, die man aber nicht mehr jeden Tage h\u00f6rt, bekannte und weniger bekannte von ZZ Top, Gary Moore, Rory Gallagher, Ufo, CCR, Santana, Marmalade, Frijid Pink, Black Sabbath, Red Hot Chili Peppers, Cream, Aerosmith, um nur einige zu nennen, werden wieder lebendig. \u2026 Long live Rock\u00b4n Roll &#8230;<\/p>\n<p>ROXXUS sind langj\u00e4hrig erfahrene Musiker in den verschiedensten Bands, spielen zeitlose Hits der 60\/70-er Jahre, der vielleicht kreativsten Epoche der Rockmusik , geschm\u00fcckt mit Schmankerln der j\u00fcngeren Vergangenheit, mit Leidenschaft, Einf\u00fchlungsverm\u00f6gen und mit immer der selben Spielfreude wie zu den \u201cUrzeiten\u201d des Rocks. Dabei verleihen wir den Songs zum Teil unsere eigene Note. Und das sch\u00e4tzt unser Puplikum an uns.<\/p>\n<p>Die Musik verzaubert durch ein breites Repertoire, fetzigen\u00a0 Groove, mehrstimmigen Gesang\u00a0 und einen tollen Sound.<\/p>\n<p>ROXXUS\u00a0 rockt ein Programm\u00a0 von ca 3 Stunden.<br \/>\nZahlreiche Fans\u00a0 konnten\u00a0bei unserem ersten Auftritt im Weingarten in G\u00e4rtringen \u00a0 begeistert \u00a0 werden.<br \/>\nROXXUS ist weder eine B\u00fchne zu klein, noch zu gro\u00df.<br \/>\nDie Band bietet fetzige Musik zum Feiern und Tanzen. Optimale Beschallung sowie die Beleuchtung \u00fcberzeugen.<\/p>\n","protected":false},"excerpt":{"rendered":"<p>Ralf Grabow Gitarre, Gesang und G\u00e4ste ROXXUS &#8211; das sind Musiker, die in einer musiktr\u00e4chtigen Epoche aufgewachsen sind, in der Musikgeschichte geschrieben wurde. 2016 hat sich die Band zusammengefunden. Das Repertoire besteht aus Klassikern, die zwar jeder kennt, die man aber nicht mehr jeden Tage h\u00f6rt, bekannte und weniger bekannte von ZZ Top, Gary Moore, &hellip; <a href=\"https:\/\/www.roxxus.de\/\" class=\"more-link\"><span class=\"screen-reader-text\">Die Kapelle<\/span> weiterlesen <span class=\"meta-nav\">&rarr;<\/span><\/a><\/p>\n","protected":false},"author":4,"featured_media":0,"parent":0,"menu_order":1,"comment_status":"closed","ping_status":"closed","template":"","meta":[],"_links":{"self":[{"href":"https:\/\/www.roxxus.de\/index.php\/wp-json\/wp\/v2\/pages\/143"}],"collection":[{"href":"https:\/\/www.roxxus.de\/index.php\/wp-json\/wp\/v2\/pages"}],"about":[{"href":"https:\/\/www.roxxus.de\/index.php\/wp-json\/wp\/v2\/types\/page"}],"author":[{"embeddable":true,"href":"https:\/\/www.roxxus.de\/index.php\/wp-json\/wp\/v2\/users\/4"}],"replies":[{"embeddable":true,"href":"https:\/\/www.roxxus.de\/index.php\/wp-json\/wp\/v2\/comments?post=143"}],"version-history":[{"count":14,"href":"https:\/\/www.roxxus.de\/index.php\/wp-json\/wp\/v2\/pages\/143\/revisions"}],"predecessor-version":[{"id":283,"href":"https:\/\/www.roxxus.de\/index.php\/wp-json\/wp\/v2\/pages\/143\/revisions\/283"}],"wp:attachment":[{"href":"https:\/\/www.roxxus.de\/index.php\/wp-json\/wp\/v2\/media?parent=143"}],"curies":[{"name":"wp","href":"https:\/\/api.w.org\/{rel}","templated":true}]}}